{"id":404,"date":"2025-08-10T12:22:45","date_gmt":"2025-08-10T10:22:45","guid":{"rendered":"https:\/\/taubenschlag.it\/?page_id=404"},"modified":"2025-08-10T12:22:45","modified_gmt":"2025-08-10T10:22:45","slug":"taubenschlag-erzherzog-eugen","status":"publish","type":"page","link":"https:\/\/taubenschlag.it\/?page_id=404","title":{"rendered":"Taubenschlag Erzherzog  Eugen"},"content":{"rendered":"\n<div class=\"wp-block-columns is-layout-flex wp-container-core-columns-is-layout-1 wp-block-columns-is-layout-flex\">\n<div class=\"wp-block-column is-layout-flow wp-block-column-is-layout-flow\" style=\"flex-basis:66.66%\">\n<figure class=\"wp-block-image size-large\"><img loading=\"lazy\" decoding=\"async\" width=\"1024\" height=\"768\" src=\"https:\/\/taubenschlag.it\/wp-content\/uploads\/2025\/08\/IMG_20250810_100907-1024x768.jpg\" alt=\"\" class=\"wp-image-406\" srcset=\"https:\/\/taubenschlag.it\/wp-content\/uploads\/2025\/08\/IMG_20250810_100907-1024x768.jpg 1024w, https:\/\/taubenschlag.it\/wp-content\/uploads\/2025\/08\/IMG_20250810_100907-300x225.jpg 300w, https:\/\/taubenschlag.it\/wp-content\/uploads\/2025\/08\/IMG_20250810_100907-768x576.jpg 768w, https:\/\/taubenschlag.it\/wp-content\/uploads\/2025\/08\/IMG_20250810_100907-1536x1152.jpg 1536w, https:\/\/taubenschlag.it\/wp-content\/uploads\/2025\/08\/IMG_20250810_100907-2048x1536.jpg 2048w\" sizes=\"auto, (max-width: 1024px) 100vw, 1024px\" \/><\/figure>\n<\/div>\n\n\n\n<div class=\"wp-block-column is-layout-flow wp-block-column-is-layout-flow\" style=\"flex-basis:33.33%\">\n<p><\/p>\n\n\n\n<p>Der Schlag wurde 2023 erbaut, zeitgleich mit dem Falschauerschlag, zur Zeit sind dort an die 60 Tauben untergebracht.<\/p>\n<\/div>\n<\/div>\n\n\n\n<div class=\"wp-block-columns is-layout-flex wp-container-core-columns-is-layout-2 wp-block-columns-is-layout-flex\">\n<div class=\"wp-block-column is-layout-flow wp-block-column-is-layout-flow\" style=\"flex-basis:33.33%\">\n<p><\/p>\n\n\n\n<p>Es ist gen\u00fcgend Platz f\u00fcr die Tauben zum Br\u00fcten.<\/p>\n<\/div>\n\n\n\n<div class=\"wp-block-column is-layout-flow wp-block-column-is-layout-flow\" style=\"flex-basis:66.66%\">\n<figure class=\"wp-block-image size-large\"><img loading=\"lazy\" decoding=\"async\" width=\"1024\" height=\"768\" src=\"https:\/\/taubenschlag.it\/wp-content\/uploads\/2025\/08\/IMG_20250810_100901-1024x768.jpg\" alt=\"\" class=\"wp-image-407\" srcset=\"https:\/\/taubenschlag.it\/wp-content\/uploads\/2025\/08\/IMG_20250810_100901-1024x768.jpg 1024w, https:\/\/taubenschlag.it\/wp-content\/uploads\/2025\/08\/IMG_20250810_100901-300x225.jpg 300w, https:\/\/taubenschlag.it\/wp-content\/uploads\/2025\/08\/IMG_20250810_100901-768x576.jpg 768w, https:\/\/taubenschlag.it\/wp-content\/uploads\/2025\/08\/IMG_20250810_100901-1536x1152.jpg 1536w, https:\/\/taubenschlag.it\/wp-content\/uploads\/2025\/08\/IMG_20250810_100901-2048x1536.jpg 2048w\" sizes=\"auto, (max-width: 1024px) 100vw, 1024px\" \/><\/figure>\n<\/div>\n<\/div>\n\n\n\n<div class=\"wp-block-columns is-layout-flex wp-container-core-columns-is-layout-3 wp-block-columns-is-layout-flex\">\n<div class=\"wp-block-column is-layout-flow wp-block-column-is-layout-flow\" style=\"flex-basis:66.66%\">\n<figure class=\"wp-block-image size-large\"><img loading=\"lazy\" decoding=\"async\" width=\"1024\" height=\"768\" src=\"https:\/\/taubenschlag.it\/wp-content\/uploads\/2025\/08\/IMG_20250810_100854-1024x768.jpg\" alt=\"\" class=\"wp-image-409\" srcset=\"https:\/\/taubenschlag.it\/wp-content\/uploads\/2025\/08\/IMG_20250810_100854-1024x768.jpg 1024w, https:\/\/taubenschlag.it\/wp-content\/uploads\/2025\/08\/IMG_20250810_100854-300x225.jpg 300w, https:\/\/taubenschlag.it\/wp-content\/uploads\/2025\/08\/IMG_20250810_100854-768x576.jpg 768w, https:\/\/taubenschlag.it\/wp-content\/uploads\/2025\/08\/IMG_20250810_100854-1536x1152.jpg 1536w, https:\/\/taubenschlag.it\/wp-content\/uploads\/2025\/08\/IMG_20250810_100854-2048x1536.jpg 2048w\" sizes=\"auto, (max-width: 1024px) 100vw, 1024px\" \/><\/figure>\n<\/div>\n\n\n\n<div class=\"wp-block-column is-layout-flow wp-block-column-is-layout-flow\" style=\"flex-basis:33.33%\"><\/div>\n<\/div>\n\n\n\n<p><\/p>\n","protected":false},"excerpt":{"rendered":"<p>Der Schlag wurde 2023 erbaut, zeitgleich mit dem Falschauerschlag, zur Zeit sind dort an die 60 Tauben untergebracht. Es ist gen\u00fcgend Platz f\u00fcr die Tauben zum Br\u00fcten.<\/p>\n","protected":false},"author":1,"featured_media":0,"parent":0,"menu_order":0,"comment_status":"closed","ping_status":"closed","template":"","meta":{"footnotes":""},"class_list":["post-404","page","type-page","status-publish","hentry"],"_links":{"self":[{"href":"https:\/\/taubenschlag.it\/index.php?rest_route=\/wp\/v2\/pages\/404","targetHints":{"allow":["GET"]}}],"collection":[{"href":"https:\/\/taubenschlag.it\/index.php?rest_route=\/wp\/v2\/pages"}],"about":[{"href":"https:\/\/taubenschlag.it\/index.php?rest_route=\/wp\/v2\/types\/page"}],"author":[{"embeddable":true,"href":"https:\/\/taubenschlag.it\/index.php?rest_route=\/wp\/v2\/users\/1"}],"replies":[{"embeddable":true,"href":"https:\/\/taubenschlag.it\/index.php?rest_route=%2Fwp%2Fv2%2Fcomments&post=404"}],"version-history":[{"count":2,"href":"https:\/\/taubenschlag.it\/index.php?rest_route=\/wp\/v2\/pages\/404\/revisions"}],"predecessor-version":[{"id":410,"href":"https:\/\/taubenschlag.it\/index.php?rest_route=\/wp\/v2\/pages\/404\/revisions\/410"}],"wp:attachment":[{"href":"https:\/\/taubenschlag.it\/index.php?rest_route=%2Fwp%2Fv2%2Fmedia&parent=404"}],"curies":[{"name":"wp","href":"https:\/\/api.w.org\/{rel}","templated":true}]}}