{"id":29,"date":"2024-03-20T22:45:02","date_gmt":"2024-03-20T21:45:02","guid":{"rendered":"https:\/\/taubenschlag.it\/?page_id=29"},"modified":"2024-03-20T22:45:02","modified_gmt":"2024-03-20T21:45:02","slug":"impressum","status":"publish","type":"page","link":"https:\/\/taubenschlag.it\/?page_id=29","title":{"rendered":"Impressum"},"content":{"rendered":"\n<p><strong><br>Haftung f\u00fcr Inhalte der Webseite und Hyperlinks:<\/strong><br>Die bereitgestellten Informationen auf dieser Website wurden sorgf\u00e4ltig gepr\u00fcft und werden regelm\u00e4\u00dfig aktualisiert. Trotzdem kann keine Garantie daf\u00fcr \u00fcbernommen werden, dass die auf dieser Website bereitgestellten Informationen vollst\u00e4ndig, richtig und in jedem Fall aktuell sind. Dies gilt auch f\u00fcr alle Verbindungen (\u201eLinks&#8220;), auf die diese Website direkt oder indirekt verweist. F\u00fcr die Inhalte der verlinkten Seiten haftet ausschlie\u00dflich der Anbieter der jeweiligen Website.<br><br><strong>Bildnachweis:<\/strong> private Sammlung<\/p>\n","protected":false},"excerpt":{"rendered":"<p>Haftung f\u00fcr Inhalte der Webseite und Hyperlinks:Die bereitgestellten Informationen auf dieser Website wurden sorgf\u00e4ltig gepr\u00fcft und werden regelm\u00e4\u00dfig aktualisiert. Trotzdem kann keine Garantie daf\u00fcr \u00fcbernommen werden, dass die auf dieser Website bereitgestellten Informationen vollst\u00e4ndig, richtig und in jedem Fall aktuell sind. Dies gilt auch f\u00fcr alle Verbindungen (\u201eLinks&#8220;), auf die diese Website direkt oder indirekt [&hellip;]<\/p>\n","protected":false},"author":1,"featured_media":0,"parent":0,"menu_order":0,"comment_status":"closed","ping_status":"closed","template":"","meta":{"footnotes":""},"class_list":["post-29","page","type-page","status-publish","hentry"],"_links":{"self":[{"href":"https:\/\/taubenschlag.it\/index.php?rest_route=\/wp\/v2\/pages\/29","targetHints":{"allow":["GET"]}}],"collection":[{"href":"https:\/\/taubenschlag.it\/index.php?rest_route=\/wp\/v2\/pages"}],"about":[{"href":"https:\/\/taubenschlag.it\/index.php?rest_route=\/wp\/v2\/types\/page"}],"author":[{"embeddable":true,"href":"https:\/\/taubenschlag.it\/index.php?rest_route=\/wp\/v2\/users\/1"}],"replies":[{"embeddable":true,"href":"https:\/\/taubenschlag.it\/index.php?rest_route=%2Fwp%2Fv2%2Fcomments&post=29"}],"version-history":[{"count":1,"href":"https:\/\/taubenschlag.it\/index.php?rest_route=\/wp\/v2\/pages\/29\/revisions"}],"predecessor-version":[{"id":30,"href":"https:\/\/taubenschlag.it\/index.php?rest_route=\/wp\/v2\/pages\/29\/revisions\/30"}],"wp:attachment":[{"href":"https:\/\/taubenschlag.it\/index.php?rest_route=%2Fwp%2Fv2%2Fmedia&parent=29"}],"curies":[{"name":"wp","href":"https:\/\/api.w.org\/{rel}","templated":true}]}}