{"id":163,"date":"2024-12-25T09:19:13","date_gmt":"2024-12-25T08:19:13","guid":{"rendered":"https:\/\/taubenschlag.it\/?page_id=163"},"modified":"2025-09-28T10:04:11","modified_gmt":"2025-09-28T08:04:11","slug":"taubenschlag-rathaus","status":"publish","type":"page","link":"https:\/\/taubenschlag.it\/?page_id=163","title":{"rendered":"Taubenschlag Rathaus"},"content":{"rendered":"\n<div class=\"wp-block-group alignfull has-accent-background-color has-background has-global-padding is-layout-constrained wp-container-core-group-is-layout-3 wp-block-group-is-layout-constrained\" style=\"margin-top:0;margin-bottom:0;padding-top:var(--wp--preset--spacing--50);padding-right:var(--wp--preset--spacing--50);padding-bottom:var(--wp--preset--spacing--50);padding-left:var(--wp--preset--spacing--50)\">\n<div class=\"wp-block-columns alignwide is-layout-flex wp-container-core-columns-is-layout-1 wp-block-columns-is-layout-flex\">\n<div class=\"wp-block-column is-vertically-aligned-stretch is-layout-flow wp-block-column-is-layout-flow\" style=\"flex-basis:50%\">\n<div class=\"wp-block-group is-vertical is-content-justification-stretch is-layout-flex wp-container-core-group-is-layout-2 wp-block-group-is-layout-flex\" style=\"min-height:100%\">\n<p class=\"has-heading-font-family has-x-large-font-size\" style=\"line-height:1.2\">23.12.2024<\/p>\n\n\n\n<p>Die Locktauben werden im Taubenschlag im Rathaus eingesetzt. Nach einiger Bauzeit konnte der Taubenschlag nun bezogen werden. Die Tauben werden nun 3 Wochen an den Standort gew\u00f6hnt und danach kann die Einflugschneise ge\u00f6ffnet werden.<\/p>\n\n\n\n<div class=\"wp-block-group has-global-padding is-content-justification-left is-layout-constrained wp-container-core-group-is-layout-1 wp-block-group-is-layout-constrained\">\n<p class=\"wp-container-content-1\"><\/p>\n\n\n\n<div class=\"wp-block-buttons is-layout-flex wp-block-buttons-is-layout-flex\"><\/div>\n<\/div>\n<\/div>\n<\/div>\n\n\n\n<div class=\"wp-block-column is-vertically-aligned-center is-layout-flow wp-block-column-is-layout-flow\" style=\"flex-basis:50%\">\n<figure class=\"wp-block-image size-full is-style-rounded is-style-rounded--1\"><img loading=\"lazy\" decoding=\"async\" width=\"1920\" height=\"2560\" src=\"https:\/\/taubenschlag.it\/wp-content\/uploads\/2024\/12\/IMG_20241223_183443-scaled.jpg\" alt=\"\" class=\"wp-image-165\" style=\"aspect-ratio:3\/4;object-fit:cover\" srcset=\"https:\/\/taubenschlag.it\/wp-content\/uploads\/2024\/12\/IMG_20241223_183443-scaled.jpg 1920w, https:\/\/taubenschlag.it\/wp-content\/uploads\/2024\/12\/IMG_20241223_183443-225x300.jpg 225w, https:\/\/taubenschlag.it\/wp-content\/uploads\/2024\/12\/IMG_20241223_183443-1152x1536.jpg 1152w, https:\/\/taubenschlag.it\/wp-content\/uploads\/2024\/12\/IMG_20241223_183443-1536x2048.jpg 1536w\" sizes=\"auto, (max-width: 1920px) 100vw, 1920px\" \/><\/figure>\n<\/div>\n<\/div>\n<\/div>\n\n\n\n<div class=\"wp-block-group alignfull has-base-background-color has-background has-global-padding is-layout-constrained wp-container-core-group-is-layout-4 wp-block-group-is-layout-constrained\" style=\"margin-top:0;margin-bottom:0;padding-top:var(--wp--preset--spacing--50);padding-right:var(--wp--preset--spacing--50);padding-bottom:var(--wp--preset--spacing--50);padding-left:var(--wp--preset--spacing--50)\"><\/div>\n\n\n\n<div class=\"wp-block-group alignfull has-accent-5-background-color has-background has-global-padding is-layout-constrained wp-container-core-group-is-layout-5 wp-block-group-is-layout-constrained\" style=\"margin-top:0;margin-bottom:0;padding-top:var(--wp--preset--spacing--50);padding-right:var(--wp--preset--spacing--50);padding-bottom:var(--wp--preset--spacing--50);padding-left:var(--wp--preset--spacing--50)\">\n<div class=\"wp-block-columns alignwide is-layout-flex wp-container-core-columns-is-layout-2 wp-block-columns-is-layout-flex\">\n<div class=\"wp-block-column is-vertically-aligned-center is-layout-flow wp-block-column-is-layout-flow\" style=\"flex-basis:60%\">\n<figure class=\"wp-block-image size-full is-style-rounded wp-duotone-duotone-1 is-style-rounded--2\"><img loading=\"lazy\" decoding=\"async\" width=\"1296\" height=\"970\" src=\"https:\/\/taubenschlag.it\/wp-content\/uploads\/2024\/12\/IMG-20241224-WA0003.jpg\" alt=\"\" class=\"wp-image-171\" style=\"aspect-ratio:4\/3;object-fit:cover\" srcset=\"https:\/\/taubenschlag.it\/wp-content\/uploads\/2024\/12\/IMG-20241224-WA0003.jpg 1296w, https:\/\/taubenschlag.it\/wp-content\/uploads\/2024\/12\/IMG-20241224-WA0003-300x225.jpg 300w, https:\/\/taubenschlag.it\/wp-content\/uploads\/2024\/12\/IMG-20241224-WA0003-1024x766.jpg 1024w, https:\/\/taubenschlag.it\/wp-content\/uploads\/2024\/12\/IMG-20241224-WA0003-768x575.jpg 768w\" sizes=\"auto, (max-width: 1296px) 100vw, 1296px\" \/><\/figure>\n<\/div>\n\n\n\n<div class=\"wp-block-column is-layout-flow wp-block-column-is-layout-flow\" style=\"flex-basis:40%\">\n<h2 class=\"wp-block-heading\">Weihnachtstrunk<\/h2>\n\n\n\n<p>Am Rathausplatz gibt es zur St\u00e4rkung einen Gl\u00fchwein.<\/p>\n\n\n\n<div class=\"wp-block-buttons is-layout-flex wp-block-buttons-is-layout-flex\"><\/div>\n<\/div>\n<\/div>\n<\/div>\n\n\n\n<div class=\"wp-block-group alignfull has-global-padding is-layout-constrained wp-container-core-group-is-layout-6 wp-block-group-is-layout-constrained\" style=\"margin-top:0;margin-bottom:0;padding-top:var(--wp--preset--spacing--50);padding-right:var(--wp--preset--spacing--50);padding-bottom:var(--wp--preset--spacing--50);padding-left:var(--wp--preset--spacing--50)\"><\/div>\n\n\n\n<div class=\"wp-block-group alignfull has-global-padding is-layout-constrained wp-container-core-group-is-layout-7 wp-block-group-is-layout-constrained\" style=\"margin-top:0;margin-bottom:0;padding-top:var(--wp--preset--spacing--50);padding-right:var(--wp--preset--spacing--50);padding-bottom:var(--wp--preset--spacing--50);padding-left:var(--wp--preset--spacing--50)\"><\/div>\n","protected":false},"excerpt":{"rendered":"<p>23.12.2024 Die Locktauben werden im Taubenschlag im Rathaus eingesetzt. Nach einiger Bauzeit konnte der Taubenschlag nun bezogen werden. Die Tauben werden nun 3 Wochen an den Standort gew\u00f6hnt und danach kann die Einflugschneise ge\u00f6ffnet werden. Weihnachtstrunk Am Rathausplatz gibt es zur St\u00e4rkung einen Gl\u00fchwein.<\/p>\n","protected":false},"author":1,"featured_media":0,"parent":0,"menu_order":0,"comment_status":"closed","ping_status":"closed","template":"","meta":{"footnotes":""},"class_list":["post-163","page","type-page","status-publish","hentry"],"_links":{"self":[{"href":"https:\/\/taubenschlag.it\/index.php?rest_route=\/wp\/v2\/pages\/163","targetHints":{"allow":["GET"]}}],"collection":[{"href":"https:\/\/taubenschlag.it\/index.php?rest_route=\/wp\/v2\/pages"}],"about":[{"href":"https:\/\/taubenschlag.it\/index.php?rest_route=\/wp\/v2\/types\/page"}],"author":[{"embeddable":true,"href":"https:\/\/taubenschlag.it\/index.php?rest_route=\/wp\/v2\/users\/1"}],"replies":[{"embeddable":true,"href":"https:\/\/taubenschlag.it\/index.php?rest_route=%2Fwp%2Fv2%2Fcomments&post=163"}],"version-history":[{"count":4,"href":"https:\/\/taubenschlag.it\/index.php?rest_route=\/wp\/v2\/pages\/163\/revisions"}],"predecessor-version":[{"id":442,"href":"https:\/\/taubenschlag.it\/index.php?rest_route=\/wp\/v2\/pages\/163\/revisions\/442"}],"wp:attachment":[{"href":"https:\/\/taubenschlag.it\/index.php?rest_route=%2Fwp%2Fv2%2Fmedia&parent=163"}],"curies":[{"name":"wp","href":"https:\/\/api.w.org\/{rel}","templated":true}]}}